{"id":23426,"date":"2023-10-03T15:02:14","date_gmt":"2023-10-03T13:02:14","guid":{"rendered":"https:\/\/discover.mectron.com\/avez-vous-deja-un-appareil-piezosurgery\/"},"modified":"2024-03-11T17:43:01","modified_gmt":"2024-03-11T16:43:01","slug":"etes-vous-possesseurs-dun-dispositif-piezosurgery-de-mectron","status":"publish","type":"page","link":"https:\/\/discover.mectron.com\/fr\/etes-vous-possesseurs-dun-dispositif-piezosurgery-de-mectron\/","title":{"rendered":"\u00cates-vous possesseurs d&rsquo;un dispositif  PIEZOSURGERY\u00ae de MECTRON ?"},"content":{"rendered":"<p>[et_pb_section fb_built=\u00a0\u00bb1&Prime; custom_padding_last_edited=\u00a0\u00bbon|phone\u00a0\u00bb _builder_version=\u00a0\u00bb4.23.1&Prime; _module_preset=\u00a0\u00bbdefault\u00a0\u00bb background_color=\u00a0\u00bbrgba(69,69,69,0.9)\u00a0\u00bb use_background_color_gradient=\u00a0\u00bbon\u00a0\u00bb background_color_gradient_direction=\u00a0\u00bb0deg\u00a0\u00bb background_color_gradient_stops=\u00a0\u00bbrgba(43,135,218,0) 86%|rgba(61,60,59,0.15) 100%\u00a0\u00bb background_enable_image=\u00a0\u00bboff\u00a0\u00bb background_size=\u00a0\u00bbcontain\u00a0\u00bb background_position=\u00a0\u00bbcenter_right\u00a0\u00bb custom_margin=\u00a0\u00bb80px||||false|false\u00a0\u00bb custom_margin_tablet=\u00a0\u00bb80px||||false|false\u00a0\u00bb custom_margin_phone=\u00a0\u00bb80px||||false|false\u00a0\u00bb custom_margin_last_edited=\u00a0\u00bbon|desktop\u00a0\u00bb custom_padding_tablet=\u00a0\u00bb\u00a0\u00bb custom_padding_phone=\u00a0\u00bb0px||||false|false\u00a0\u00bb custom_css_main_element=\u00a0\u00bbmin-height: 92vh;||display: flex;||flex-direction: column;\u00a0\u00bb da_disable_devices=\u00a0\u00bboff|off|off\u00a0\u00bb global_colors_info=\u00a0\u00bb{}\u00a0\u00bb custom_css_main_element_last_edited=\u00a0\u00bbon|phone\u00a0\u00bb custom_css_main_element_phone=\u00a0\u00bbmin-height: 63vh;||display: flex;||flex-direction: column;\u00a0\u00bb custom_css_main_element_tablet=\u00a0\u00bbmin-height: 100vh;||display: flex;||flex-direction: column;\u00a0\u00bb da_is_popup=\u00a0\u00bboff\u00a0\u00bb da_exit_intent=\u00a0\u00bboff\u00a0\u00bb da_has_close=\u00a0\u00bbon\u00a0\u00bb da_alt_close=\u00a0\u00bboff\u00a0\u00bb da_dark_close=\u00a0\u00bboff\u00a0\u00bb da_not_modal=\u00a0\u00bbon\u00a0\u00bb da_is_singular=\u00a0\u00bboff\u00a0\u00bb da_with_loader=\u00a0\u00bboff\u00a0\u00bb da_has_shadow=\u00a0\u00bbon\u00a0\u00bb][et_pb_row column_structure=\u00a0\u00bb3_4,1_4&Prime; use_custom_gutter=\u00a0\u00bbon\u00a0\u00bb make_equal=\u00a0\u00bbon\u00a0\u00bb module_class=\u00a0\u00bbpa-inline-buttons\u00a0\u00bb _builder_version=\u00a0\u00bb4.24.1&Prime; _module_preset=\u00a0\u00bbdefault\u00a0\u00bb background_color=\u00a0\u00bb#4b4b4b\u00a0\u00bb background_image=\u00a0\u00bbhttps:\/\/discover.mectron.com\/wp-content\/uploads\/2023\/10\/leve-piezoelettriche-bg.jpg\u00a0\u00bb background_size=\u00a0\u00bbcontain\u00a0\u00bb background_position=\u00a0\u00bbbottom_right\u00a0\u00bb max_width=\u00a0\u00bb950px\u00a0\u00bb custom_margin=\u00a0\u00bb||||false|false\u00a0\u00bb custom_padding=\u00a0\u00bb40px|40px|40px|40px|true|false\u00a0\u00bb border_radii=\u00a0\u00bboff|30px|30px|30px|30px\u00a0\u00bb locked=\u00a0\u00bboff\u00a0\u00bb global_colors_info=\u00a0\u00bb{}\u00a0\u00bb][et_pb_column type=\u00a0\u00bb3_4&Prime; _builder_version=\u00a0\u00bb4.22.2&Prime; _module_preset=\u00a0\u00bbdefault\u00a0\u00bb global_colors_info=\u00a0\u00bb{}\u00a0\u00bb][et_pb_text content_tablet=\u00a0\u00bbNouveaux<\/p>\n<h1><span style=%22background-color: #f36e21; padding-left: 12px; padding-right: 12px; padding-bottom: 1px;%22>\u00e9l\u00e9vateurs pi\u00e9zo\u00e9lectriques<\/span><\/h1>\n<p>pour l&apos;extraction des dents de sagesse\u00a0\u00bb content_phone=\u00a0\u00bb<\/p>\n<h1>Nouveaux<br \/>\n<span style=%22background-color: #f36e21; padding-left: 12px; padding-right: 12px; padding-bottom: 1px; font-size: 22px;%22>\u00e9l\u00e9vateurs<\/span><br \/>\n<span style=%22background-color: #f36e21; padding-left: 12px; padding-right: 12px; padding-bottom: 1px; font-size: 22px;%22>pi\u00e9zo\u00e9lectriques<\/span><\/h1>\n<p>pour l&apos;extraction des dents de sagesse\u00a0\u00bb content_last_edited=\u00a0\u00bbon|phone\u00a0\u00bb _builder_version=\u00a0\u00bb4.24.1&Prime; _module_preset=\u00a0\u00bbdefault\u00a0\u00bb text_font=\u00a0\u00bb|600|||||||\u00a0\u00bb text_text_color=\u00a0\u00bb#FFFFFF\u00a0\u00bb text_font_size=\u00a0\u00bb33px\u00a0\u00bb text_line_height=\u00a0\u00bb1.2em\u00a0\u00bb header_font=\u00a0\u00bb|600||on|||||\u00a0\u00bb header_text_color=\u00a0\u00bb#FFFFFF\u00a0\u00bb header_font_size=\u00a0\u00bb38px\u00a0\u00bb header_letter_spacing=\u00a0\u00bb-0.4px\u00a0\u00bb header_line_height=\u00a0\u00bb1.2em\u00a0\u00bb background_enable_color=\u00a0\u00bboff\u00a0\u00bb custom_padding=\u00a0\u00bb50px||||false|false\u00a0\u00bb custom_padding_tablet=\u00a0\u00bb50px||||false|false\u00a0\u00bb custom_padding_phone=\u00a0\u00bb0px||||false|false\u00a0\u00bb custom_padding_last_edited=\u00a0\u00bbon|phone\u00a0\u00bb text_font_size_tablet=\u00a0\u00bb39px\u00a0\u00bb text_font_size_phone=\u00a0\u00bb28px\u00a0\u00bb text_font_size_last_edited=\u00a0\u00bbon|phone\u00a0\u00bb text_line_height_tablet=\u00a0\u00bb1.2em\u00a0\u00bb text_line_height_phone=\u00a0\u00bb1em\u00a0\u00bb text_line_height_last_edited=\u00a0\u00bbon|phone\u00a0\u00bb header_font_size_tablet=\u00a0\u00bb45px\u00a0\u00bb header_font_size_phone=\u00a0\u00bb33px\u00a0\u00bb header_font_size_last_edited=\u00a0\u00bbon|phone\u00a0\u00bb header_line_height_tablet=\u00a0\u00bb1.2em\u00a0\u00bb header_line_height_phone=\u00a0\u00bb1em\u00a0\u00bb header_line_height_last_edited=\u00a0\u00bbon|phone\u00a0\u00bb locked=\u00a0\u00bboff\u00a0\u00bb global_colors_info=\u00a0\u00bb{}\u00a0\u00bb]<\/p>\n<h1>Nouveaux<br \/><span style=\"background-color: #f36e21; padding-left: 12px; padding-right: 12px; padding-bottom: 1px;\">\u00e9l\u00e9vateurs pi\u00e9zo\u00e9lectriques<\/span><\/h1>\n<p>pour l&rsquo;extraction des dents de sagesse<\/p>\n<p>[\/et_pb_text][et_pb_text content_tablet=\u00a0\u00bb<\/p>\n<p>\u00cates-vous possesseurs d&apos;un dispositif<\/p>\n<h2><strong>PIEZOSURGERY\u00ae de MECTRON ?<\/strong><\/h2>\n<p>\u00a0\u00bb content_phone=\u00a0\u00bb<\/p>\n<p>\u00cates-vous possesseurs d&apos;un dispositif<\/p>\n<h2><strong>PIEZOSURGERY\u00ae de MECTRON ?<\/strong><\/h2>\n<p>\u00a0\u00bb content_last_edited=\u00a0\u00bbon|phone\u00a0\u00bb _builder_version=\u00a0\u00bb4.22.2&Prime; _module_preset=\u00a0\u00bbdefault\u00a0\u00bb text_font=\u00a0\u00bb|600||on|||||\u00a0\u00bb text_text_color=\u00a0\u00bb#FFFFFF\u00a0\u00bb text_font_size=\u00a0\u00bb27px\u00a0\u00bb text_line_height=\u00a0\u00bb1.1em\u00a0\u00bb header_font=\u00a0\u00bb|600||on|||||\u00a0\u00bb header_text_color=\u00a0\u00bb#FFFFFF\u00a0\u00bb header_2_font=\u00a0\u00bb|600||on|||||\u00a0\u00bb header_2_text_color=\u00a0\u00bb#FFFFFF\u00a0\u00bb header_2_font_size=\u00a0\u00bb27px\u00a0\u00bb header_2_line_height=\u00a0\u00bb1.2em\u00a0\u00bb background_enable_color=\u00a0\u00bboff\u00a0\u00bb custom_padding=\u00a0\u00bb0px||0px||false|false\u00a0\u00bb text_font_size_tablet=\u00a0\u00bb27px\u00a0\u00bb text_font_size_phone=\u00a0\u00bb23px\u00a0\u00bb text_font_size_last_edited=\u00a0\u00bbon|phone\u00a0\u00bb header_2_font_size_tablet=\u00a0\u00bb27px\u00a0\u00bb header_2_font_size_phone=\u00a0\u00bb27px\u00a0\u00bb header_2_font_size_last_edited=\u00a0\u00bbon|phone\u00a0\u00bb border_color_top=\u00a0\u00bb#FFFFFF\u00a0\u00bb border_style_top=\u00a0\u00bbdashed\u00a0\u00bb global_colors_info=\u00a0\u00bb{}\u00a0\u00bb]<\/p>\n<p>\u00cates-vous possesseurs d&rsquo;un dispositif<\/p>\n<h2><strong>PIEZOSURGERY\u00ae de MECTRON ?<\/strong><\/h2>\n<p>[\/et_pb_text][et_pb_button button_url=\u00a0\u00bb@ET-DC@eyJkeW5hbWljIjp0cnVlLCJjb250ZW50IjoicG9zdF9saW5rX3VybF9wYWdlIiwic2V0dGluZ3MiOnsicG9zdF9pZCI6IjIzNDMwIn19@\u00a0\u00bb button_text=\u00a0\u00bbOUI\u00a0\u00bb button_alignment=\u00a0\u00bbleft\u00a0\u00bb _builder_version=\u00a0\u00bb4.24.1&Prime; _dynamic_attributes=\u00a0\u00bbbutton_url\u00a0\u00bb _module_preset=\u00a0\u00bbdefault\u00a0\u00bb custom_button=\u00a0\u00bbon\u00a0\u00bb button_text_size=\u00a0\u00bb20px\u00a0\u00bb button_text_color=\u00a0\u00bb#FFFFFF\u00a0\u00bb button_bg_color=\u00a0\u00bb#3D3C3B\u00a0\u00bb button_border_color=\u00a0\u00bb#ffffff\u00a0\u00bb button_border_radius=\u00a0\u00bb100px\u00a0\u00bb button_font=\u00a0\u00bb|||on|||||\u00a0\u00bb button_use_icon=\u00a0\u00bboff\u00a0\u00bb custom_margin=\u00a0\u00bb|30px|50px||false|false\u00a0\u00bb custom_margin_tablet=\u00a0\u00bb|30px|50px||false|false\u00a0\u00bb custom_margin_phone=\u00a0\u00bb|20px|||false|false\u00a0\u00bb custom_margin_last_edited=\u00a0\u00bbon|phone\u00a0\u00bb custom_padding=\u00a0\u00bb20px|50px|20px|50px|false|true\u00a0\u00bb custom_padding_tablet=\u00a0\u00bb20px|50px|20px|50px|false|true\u00a0\u00bb custom_padding_phone=\u00a0\u00bb|20px||20px|false|true\u00a0\u00bb custom_padding_last_edited=\u00a0\u00bbon|phone\u00a0\u00bb locked=\u00a0\u00bboff\u00a0\u00bb global_colors_info=\u00a0\u00bb{}\u00a0\u00bb button_bg_color__hover_enabled=\u00a0\u00bbon|desktop\u00a0\u00bb button_bg_color__hover=\u00a0\u00bb#F36E21&Prime; button_bg_enable_color__hover=\u00a0\u00bbon\u00a0\u00bb][\/et_pb_button][et_pb_button button_url=\u00a0\u00bb@ET-DC@eyJkeW5hbWljIjp0cnVlLCJjb250ZW50IjoicG9zdF9saW5rX3VybF9wYWdlIiwic2V0dGluZ3MiOnsicG9zdF9pZCI6IjIzNDQ2In19@\u00a0\u00bb button_text=\u00a0\u00bbNON\u00a0\u00bb button_alignment=\u00a0\u00bbleft\u00a0\u00bb _builder_version=\u00a0\u00bb4.24.1&Prime; _dynamic_attributes=\u00a0\u00bbbutton_url\u00a0\u00bb _module_preset=\u00a0\u00bbdefault\u00a0\u00bb custom_button=\u00a0\u00bbon\u00a0\u00bb button_text_size=\u00a0\u00bb20px\u00a0\u00bb button_text_color=\u00a0\u00bb#FFFFFF\u00a0\u00bb button_bg_color=\u00a0\u00bb#3D3C3B\u00a0\u00bb button_border_color=\u00a0\u00bb#ffffff\u00a0\u00bb button_border_radius=\u00a0\u00bb100px\u00a0\u00bb button_font=\u00a0\u00bb|||on|||||\u00a0\u00bb button_use_icon=\u00a0\u00bboff\u00a0\u00bb custom_margin=\u00a0\u00bb|30px|50px||false|false\u00a0\u00bb custom_margin_tablet=\u00a0\u00bb|30px|50px||false|false\u00a0\u00bb custom_margin_phone=\u00a0\u00bb|0px|||false|false\u00a0\u00bb custom_margin_last_edited=\u00a0\u00bbon|phone\u00a0\u00bb custom_padding=\u00a0\u00bb20px|44px|20px|44px|false|true\u00a0\u00bb custom_padding_tablet=\u00a0\u00bb20px|44px|20px|44px|false|true\u00a0\u00bb custom_padding_phone=\u00a0\u00bb|12px||12px|false|true\u00a0\u00bb custom_padding_last_edited=\u00a0\u00bbon|phone\u00a0\u00bb locked=\u00a0\u00bboff\u00a0\u00bb global_colors_info=\u00a0\u00bb{}\u00a0\u00bb button_bg_color__hover_enabled=\u00a0\u00bbon|desktop\u00a0\u00bb button_bg_color__hover=\u00a0\u00bb#F36E21&Prime; button_bg_enable_color__hover=\u00a0\u00bbon\u00a0\u00bb][\/et_pb_button][\/et_pb_column][et_pb_column type=\u00a0\u00bb1_4&Prime; _builder_version=\u00a0\u00bb4.24.1&Prime; _module_preset=\u00a0\u00bbdefault\u00a0\u00bb global_colors_info=\u00a0\u00bb{}\u00a0\u00bb][\/et_pb_column][\/et_pb_row][\/et_pb_section][et_pb_section fb_built=\u00a0\u00bb1&Prime; disabled_on=\u00a0\u00bbon|on|on\u00a0\u00bb admin_label=\u00a0\u00bbsection\u00a0\u00bb _builder_version=\u00a0\u00bb4.23.1&Prime; _module_preset=\u00a0\u00bbdefault\u00a0\u00bb custom_margin=\u00a0\u00bb0px||0px||false|false\u00a0\u00bb custom_padding=\u00a0\u00bb0px||0px||false|false\u00a0\u00bb da_disable_devices=\u00a0\u00bboff|off|off\u00a0\u00bb disabled=\u00a0\u00bbon\u00a0\u00bb saved_tabs=\u00a0\u00bball\u00a0\u00bb locked=\u00a0\u00bboff\u00a0\u00bb global_colors_info=\u00a0\u00bb{}\u00a0\u00bb da_is_popup=\u00a0\u00bboff\u00a0\u00bb da_exit_intent=\u00a0\u00bboff\u00a0\u00bb da_has_close=\u00a0\u00bbon\u00a0\u00bb da_alt_close=\u00a0\u00bboff\u00a0\u00bb da_dark_close=\u00a0\u00bboff\u00a0\u00bb da_not_modal=\u00a0\u00bbon\u00a0\u00bb da_is_singular=\u00a0\u00bboff\u00a0\u00bb da_with_loader=\u00a0\u00bboff\u00a0\u00bb da_has_shadow=\u00a0\u00bbon\u00a0\u00bb][et_pb_row _builder_version=\u00a0\u00bb4.16&Prime; _module_preset=\u00a0\u00bbdefault\u00a0\u00bb max_width=\u00a0\u00bb1200px\u00a0\u00bb locked=\u00a0\u00bboff\u00a0\u00bb global_colors_info=\u00a0\u00bb{}\u00a0\u00bb][et_pb_column type=\u00a0\u00bb4_4&Prime; _builder_version=\u00a0\u00bb4.16&Prime; _module_preset=\u00a0\u00bbdefault\u00a0\u00bb global_colors_info=\u00a0\u00bb{}\u00a0\u00bb][et_pb_text _builder_version=\u00a0\u00bb4.20.4&Prime; _module_preset=\u00a0\u00bbdefault\u00a0\u00bb link_font=\u00a0\u00bb|600|||on||||\u00a0\u00bb link_text_color=\u00a0\u00bb#F36E21&Prime; text_orientation=\u00a0\u00bbcenter\u00a0\u00bb locked=\u00a0\u00bboff\u00a0\u00bb global_colors_info=\u00a0\u00bb{}\u00a0\u00bb]<a href=\"https:\/\/mectron.fr\/rgpd\/\" target=\"_blank\" rel=\"noopener\">Politique de confidentialit\u00e9<\/a> \u2013 \u00a9 Copyright 2024 \u2013 Mectron SpA \u2013 Tous droits r\u00e9serv\u00e9s[\/et_pb_text][\/et_pb_column][\/et_pb_row][\/et_pb_section]<\/p>\n","protected":false},"excerpt":{"rendered":"<p>Nouveaux\u00e9l\u00e9vateurs pi\u00e9zo\u00e9lectriques pour l&rsquo;extraction des dents de sagesse\u00cates-vous possesseurs d&rsquo;un dispositifPIEZOSURGERY\u00ae de MECTRON ?Politique de confidentialit\u00e9 \u2013 \u00a9 Copyright 2024 \u2013 Mectron SpA \u2013 Tous droits r\u00e9serv\u00e9s<\/p>\n","protected":false},"author":11,"featured_media":0,"parent":0,"menu_order":0,"comment_status":"closed","ping_status":"closed","template":"","meta":{"_acf_changed":false,"_et_pb_use_builder":"on","_et_pb_old_content":"","_et_gb_content_width":"","inline_featured_image":false,"footnotes":""},"class_list":["post-23426","page","type-page","status-publish","hentry"],"acf":[],"yoast_head":"<!-- This site is optimized with the Yoast SEO plugin v27.5 - https:\/\/yoast.com\/product\/yoast-seo-wordpress\/ -->\n<title>\u00cates-vous possesseurs d&#039;un dispositif PIEZOSURGERY\u00ae de MECTRON ? - Discover Mectron<\/title>\n<meta name=\"robots\" content=\"index, follow, max-snippet:-1, max-image-preview:large, max-video-preview:-1\" \/>\n<link rel=\"canonical\" href=\"https:\/\/discover.mectron.com\/fr\/etes-vous-possesseurs-dun-dispositif-piezosurgery-de-mectron\/\" \/>\n<meta property=\"og:locale\" content=\"fr_FR\" \/>\n<meta property=\"og:type\" content=\"article\" \/>\n<meta property=\"og:title\" content=\"\u00cates-vous possesseurs d&#039;un dispositif PIEZOSURGERY\u00ae de MECTRON ? - Discover Mectron\" \/>\n<meta property=\"og:description\" content=\"Nouveaux\u00e9l\u00e9vateurs pi\u00e9zo\u00e9lectriques pour l&#039;extraction des dents de sagesse\u00cates-vous possesseurs d&#039;un dispositifPIEZOSURGERY\u00ae de MECTRON ?Politique de confidentialit\u00e9 \u2013 \u00a9 Copyright 2024 \u2013 Mectron SpA \u2013 Tous droits r\u00e9serv\u00e9s\" \/>\n<meta property=\"og:url\" content=\"https:\/\/discover.mectron.com\/fr\/etes-vous-possesseurs-dun-dispositif-piezosurgery-de-mectron\/\" \/>\n<meta property=\"og:site_name\" content=\"Discover Mectron\" \/>\n<meta property=\"article:modified_time\" content=\"2024-03-11T16:43:01+00:00\" \/>\n<meta name=\"twitter:card\" content=\"summary_large_image\" \/>\n<meta name=\"twitter:label1\" content=\"Dur\u00e9e de lecture estim\u00e9e\" \/>\n\t<meta name=\"twitter:data1\" content=\"1 minute\" \/>\n<script type=\"application\/ld+json\" class=\"yoast-schema-graph\">{\"@context\":\"https:\\\/\\\/schema.org\",\"@graph\":[{\"@type\":\"WebPage\",\"@id\":\"https:\\\/\\\/discover.mectron.com\\\/fr\\\/etes-vous-possesseurs-dun-dispositif-piezosurgery-de-mectron\\\/\",\"url\":\"https:\\\/\\\/discover.mectron.com\\\/fr\\\/etes-vous-possesseurs-dun-dispositif-piezosurgery-de-mectron\\\/\",\"name\":\"\u00cates-vous possesseurs d'un dispositif PIEZOSURGERY\u00ae de MECTRON ? - Discover Mectron\",\"isPartOf\":{\"@id\":\"https:\\\/\\\/discover.mectron.com\\\/fr\\\/#website\"},\"datePublished\":\"2023-10-03T13:02:14+00:00\",\"dateModified\":\"2024-03-11T16:43:01+00:00\",\"breadcrumb\":{\"@id\":\"https:\\\/\\\/discover.mectron.com\\\/fr\\\/etes-vous-possesseurs-dun-dispositif-piezosurgery-de-mectron\\\/#breadcrumb\"},\"inLanguage\":\"fr-FR\",\"potentialAction\":[{\"@type\":\"ReadAction\",\"target\":[\"https:\\\/\\\/discover.mectron.com\\\/fr\\\/etes-vous-possesseurs-dun-dispositif-piezosurgery-de-mectron\\\/\"]}]},{\"@type\":\"BreadcrumbList\",\"@id\":\"https:\\\/\\\/discover.mectron.com\\\/fr\\\/etes-vous-possesseurs-dun-dispositif-piezosurgery-de-mectron\\\/#breadcrumb\",\"itemListElement\":[{\"@type\":\"ListItem\",\"position\":1,\"name\":\"Home\",\"item\":\"https:\\\/\\\/discover.mectron.com\\\/fr\\\/\"},{\"@type\":\"ListItem\",\"position\":2,\"name\":\"\u00cates-vous possesseurs d&rsquo;un dispositif PIEZOSURGERY\u00ae de MECTRON ?\"}]},{\"@type\":\"WebSite\",\"@id\":\"https:\\\/\\\/discover.mectron.com\\\/fr\\\/#website\",\"url\":\"https:\\\/\\\/discover.mectron.com\\\/fr\\\/\",\"name\":\"Discover Mectron\",\"description\":\"\",\"publisher\":{\"@id\":\"https:\\\/\\\/discover.mectron.com\\\/fr\\\/#organization\"},\"potentialAction\":[{\"@type\":\"SearchAction\",\"target\":{\"@type\":\"EntryPoint\",\"urlTemplate\":\"https:\\\/\\\/discover.mectron.com\\\/fr\\\/?s={search_term_string}\"},\"query-input\":{\"@type\":\"PropertyValueSpecification\",\"valueRequired\":true,\"valueName\":\"search_term_string\"}}],\"inLanguage\":\"fr-FR\"},{\"@type\":\"Organization\",\"@id\":\"https:\\\/\\\/discover.mectron.com\\\/fr\\\/#organization\",\"name\":\"Mectron S.p.a\",\"url\":\"https:\\\/\\\/discover.mectron.com\\\/fr\\\/\",\"logo\":{\"@type\":\"ImageObject\",\"inLanguage\":\"fr-FR\",\"@id\":\"https:\\\/\\\/discover.mectron.com\\\/fr\\\/#\\\/schema\\\/logo\\\/image\\\/\",\"url\":\"https:\\\/\\\/discover.mectron.com\\\/wp-content\\\/uploads\\\/2021\\\/03\\\/logo.png\",\"contentUrl\":\"https:\\\/\\\/discover.mectron.com\\\/wp-content\\\/uploads\\\/2021\\\/03\\\/logo.png\",\"width\":187,\"height\":47,\"caption\":\"Mectron S.p.a\"},\"image\":{\"@id\":\"https:\\\/\\\/discover.mectron.com\\\/fr\\\/#\\\/schema\\\/logo\\\/image\\\/\"}}]}<\/script>\n<!-- \/ Yoast SEO plugin. -->","yoast_head_json":{"title":"\u00cates-vous possesseurs d'un dispositif PIEZOSURGERY\u00ae de MECTRON ? - Discover Mectron","robots":{"index":"index","follow":"follow","max-snippet":"max-snippet:-1","max-image-preview":"max-image-preview:large","max-video-preview":"max-video-preview:-1"},"canonical":"https:\/\/discover.mectron.com\/fr\/etes-vous-possesseurs-dun-dispositif-piezosurgery-de-mectron\/","og_locale":"fr_FR","og_type":"article","og_title":"\u00cates-vous possesseurs d'un dispositif PIEZOSURGERY\u00ae de MECTRON ? - Discover Mectron","og_description":"Nouveaux\u00e9l\u00e9vateurs pi\u00e9zo\u00e9lectriques pour l'extraction des dents de sagesse\u00cates-vous possesseurs d'un dispositifPIEZOSURGERY\u00ae de MECTRON ?Politique de confidentialit\u00e9 \u2013 \u00a9 Copyright 2024 \u2013 Mectron SpA \u2013 Tous droits r\u00e9serv\u00e9s","og_url":"https:\/\/discover.mectron.com\/fr\/etes-vous-possesseurs-dun-dispositif-piezosurgery-de-mectron\/","og_site_name":"Discover Mectron","article_modified_time":"2024-03-11T16:43:01+00:00","twitter_card":"summary_large_image","twitter_misc":{"Dur\u00e9e de lecture estim\u00e9e":"1 minute"},"schema":{"@context":"https:\/\/schema.org","@graph":[{"@type":"WebPage","@id":"https:\/\/discover.mectron.com\/fr\/etes-vous-possesseurs-dun-dispositif-piezosurgery-de-mectron\/","url":"https:\/\/discover.mectron.com\/fr\/etes-vous-possesseurs-dun-dispositif-piezosurgery-de-mectron\/","name":"\u00cates-vous possesseurs d'un dispositif PIEZOSURGERY\u00ae de MECTRON ? - Discover Mectron","isPartOf":{"@id":"https:\/\/discover.mectron.com\/fr\/#website"},"datePublished":"2023-10-03T13:02:14+00:00","dateModified":"2024-03-11T16:43:01+00:00","breadcrumb":{"@id":"https:\/\/discover.mectron.com\/fr\/etes-vous-possesseurs-dun-dispositif-piezosurgery-de-mectron\/#breadcrumb"},"inLanguage":"fr-FR","potentialAction":[{"@type":"ReadAction","target":["https:\/\/discover.mectron.com\/fr\/etes-vous-possesseurs-dun-dispositif-piezosurgery-de-mectron\/"]}]},{"@type":"BreadcrumbList","@id":"https:\/\/discover.mectron.com\/fr\/etes-vous-possesseurs-dun-dispositif-piezosurgery-de-mectron\/#breadcrumb","itemListElement":[{"@type":"ListItem","position":1,"name":"Home","item":"https:\/\/discover.mectron.com\/fr\/"},{"@type":"ListItem","position":2,"name":"\u00cates-vous possesseurs d&rsquo;un dispositif PIEZOSURGERY\u00ae de MECTRON ?"}]},{"@type":"WebSite","@id":"https:\/\/discover.mectron.com\/fr\/#website","url":"https:\/\/discover.mectron.com\/fr\/","name":"Discover Mectron","description":"","publisher":{"@id":"https:\/\/discover.mectron.com\/fr\/#organization"},"potentialAction":[{"@type":"SearchAction","target":{"@type":"EntryPoint","urlTemplate":"https:\/\/discover.mectron.com\/fr\/?s={search_term_string}"},"query-input":{"@type":"PropertyValueSpecification","valueRequired":true,"valueName":"search_term_string"}}],"inLanguage":"fr-FR"},{"@type":"Organization","@id":"https:\/\/discover.mectron.com\/fr\/#organization","name":"Mectron S.p.a","url":"https:\/\/discover.mectron.com\/fr\/","logo":{"@type":"ImageObject","inLanguage":"fr-FR","@id":"https:\/\/discover.mectron.com\/fr\/#\/schema\/logo\/image\/","url":"https:\/\/discover.mectron.com\/wp-content\/uploads\/2021\/03\/logo.png","contentUrl":"https:\/\/discover.mectron.com\/wp-content\/uploads\/2021\/03\/logo.png","width":187,"height":47,"caption":"Mectron S.p.a"},"image":{"@id":"https:\/\/discover.mectron.com\/fr\/#\/schema\/logo\/image\/"}}]}},"_links":{"self":[{"href":"https:\/\/discover.mectron.com\/fr\/wp-json\/wp\/v2\/pages\/23426","targetHints":{"allow":["GET"]}}],"collection":[{"href":"https:\/\/discover.mectron.com\/fr\/wp-json\/wp\/v2\/pages"}],"about":[{"href":"https:\/\/discover.mectron.com\/fr\/wp-json\/wp\/v2\/types\/page"}],"author":[{"embeddable":true,"href":"https:\/\/discover.mectron.com\/fr\/wp-json\/wp\/v2\/users\/11"}],"replies":[{"embeddable":true,"href":"https:\/\/discover.mectron.com\/fr\/wp-json\/wp\/v2\/comments?post=23426"}],"version-history":[{"count":7,"href":"https:\/\/discover.mectron.com\/fr\/wp-json\/wp\/v2\/pages\/23426\/revisions"}],"predecessor-version":[{"id":23454,"href":"https:\/\/discover.mectron.com\/fr\/wp-json\/wp\/v2\/pages\/23426\/revisions\/23454"}],"wp:attachment":[{"href":"https:\/\/discover.mectron.com\/fr\/wp-json\/wp\/v2\/media?parent=23426"}],"curies":[{"name":"wp","href":"https:\/\/api.w.org\/{rel}","templated":true}]}}